{"id":2545,"date":"2022-12-20T19:11:13","date_gmt":"2022-12-20T22:11:13","guid":{"rendered":"https:\/\/skymedia.works\/mavi\/visitas-institucionales\/"},"modified":"2023-02-02T14:03:53","modified_gmt":"2023-02-02T17:03:53","slug":"visitas-institucionales","status":"publish","type":"page","link":"https:\/\/mavi.uc.cl\/en\/visitas-institucionales\/","title":{"rendered":"Institutional visits"},"content":{"rendered":"\n<h2 class=\"wp-block-heading\">What are institutional visits<\/h2>\n\n\n\n<hr class=\"wp-block-separator has-alpha-channel-opacity custom-divider\"\/>\n\n\n\n<p>Grupos de estudiantes con profesor\/a de todos los niveles educacionales pueden inscribirse para participar en visitas mediadas por el \u00c1rea de Educaci\u00f3n e Inclusi\u00f3n MAVI UC.<\/p>\n\n\n\n<div style=\"height:35px\" aria-hidden=\"true\" class=\"wp-block-spacer\"><\/div>\n\n\n\n<h2 class=\"wp-block-heading\">More information<\/h2>\n\n\n\n<hr class=\"wp-block-separator has-alpha-channel-opacity custom-divider\"\/>\n\n\n\n<p>Para m\u00e1s informaci\u00f3n y costos, escribe al correo flufi@mavi.cl<\/p>\n","protected":false},"excerpt":{"rendered":"<p>What are institutional visits Grupos de estudiantes con profesor\/a de todos los niveles educacionales pueden inscribirse para participar en visitas mediadas por el \u00c1rea de Educaci\u00f3n e Inclusi\u00f3n MAVI UC. More information Para m\u00e1s informaci\u00f3n y costos, escribe al correo flufi@mavi.cl<\/p>\n","protected":false},"author":1,"featured_media":0,"parent":0,"menu_order":0,"comment_status":"closed","ping_status":"closed","template":"page-template-visitas.php","meta":{"_acf_changed":false,"footnotes":""},"class_list":["post-2545","page","type-page","status-publish","hentry"],"acf":[],"yoast_head":"<!-- This site is optimized with the Yoast SEO plugin v27.0 - https:\/\/yoast.com\/product\/yoast-seo-wordpress\/ -->\n<title>Institutional visits - MAVI UC<\/title>\n<meta name=\"robots\" content=\"index, follow, max-snippet:-1, max-image-preview:large, max-video-preview:-1\" \/>\n<link rel=\"canonical\" href=\"https:\/\/mavi.uc.cl\/en\/visitas-institucionales\/\" \/>\n<meta property=\"og:locale\" content=\"en_US\" \/>\n<meta property=\"og:type\" content=\"article\" \/>\n<meta property=\"og:title\" content=\"Institutional visits - MAVI UC\" \/>\n<meta property=\"og:description\" content=\"What are institutional visits Grupos de estudiantes con profesor\/a de todos los niveles educacionales pueden inscribirse para participar en visitas mediadas por el \u00c1rea de Educaci\u00f3n e Inclusi\u00f3n MAVI UC. More information Para m\u00e1s informaci\u00f3n y costos, escribe al correo flufi@mavi.cl\" \/>\n<meta property=\"og:url\" content=\"https:\/\/mavi.uc.cl\/en\/visitas-institucionales\/\" \/>\n<meta property=\"og:site_name\" content=\"MAVI UC\" \/>\n<meta property=\"article:modified_time\" content=\"2023-02-02T17:03:53+00:00\" \/>\n<meta name=\"twitter:card\" content=\"summary_large_image\" \/>\n<script type=\"application\/ld+json\" class=\"yoast-schema-graph\">{\"@context\":\"https:\/\/schema.org\",\"@graph\":[{\"@type\":\"WebPage\",\"@id\":\"https:\/\/mavi.uc.cl\/en\/visitas-institucionales\/\",\"url\":\"https:\/\/mavi.uc.cl\/en\/visitas-institucionales\/\",\"name\":\"Institutional visits - MAVI UC\",\"isPartOf\":{\"@id\":\"https:\/\/mavi.uc.cl\/#website\"},\"datePublished\":\"2022-12-20T22:11:13+00:00\",\"dateModified\":\"2023-02-02T17:03:53+00:00\",\"breadcrumb\":{\"@id\":\"https:\/\/mavi.uc.cl\/en\/visitas-institucionales\/#breadcrumb\"},\"inLanguage\":\"en-US\",\"potentialAction\":[{\"@type\":\"ReadAction\",\"target\":[\"https:\/\/mavi.uc.cl\/en\/visitas-institucionales\/\"]}]},{\"@type\":\"BreadcrumbList\",\"@id\":\"https:\/\/mavi.uc.cl\/en\/visitas-institucionales\/#breadcrumb\",\"itemListElement\":[{\"@type\":\"ListItem\",\"position\":1,\"name\":\"Portada\",\"item\":\"https:\/\/mavi.uc.cl\/en\/\"},{\"@type\":\"ListItem\",\"position\":2,\"name\":\"Institutional visits\"}]},{\"@type\":\"WebSite\",\"@id\":\"https:\/\/mavi.uc.cl\/#website\",\"url\":\"https:\/\/mavi.uc.cl\/\",\"name\":\"MAVI UC\",\"description\":\"Museo de Artes Visuales\",\"potentialAction\":[{\"@type\":\"SearchAction\",\"target\":{\"@type\":\"EntryPoint\",\"urlTemplate\":\"https:\/\/mavi.uc.cl\/?s={search_term_string}\"},\"query-input\":{\"@type\":\"PropertyValueSpecification\",\"valueRequired\":true,\"valueName\":\"search_term_string\"}}],\"inLanguage\":\"en-US\"}]}<\/script>\n<!-- \/ Yoast SEO plugin. -->","yoast_head_json":{"title":"Institutional visits - MAVI UC","robots":{"index":"index","follow":"follow","max-snippet":"max-snippet:-1","max-image-preview":"max-image-preview:large","max-video-preview":"max-video-preview:-1"},"canonical":"https:\/\/mavi.uc.cl\/en\/visitas-institucionales\/","og_locale":"en_US","og_type":"article","og_title":"Institutional visits - MAVI UC","og_description":"What are institutional visits Grupos de estudiantes con profesor\/a de todos los niveles educacionales pueden inscribirse para participar en visitas mediadas por el \u00c1rea de Educaci\u00f3n e Inclusi\u00f3n MAVI UC. More information Para m\u00e1s informaci\u00f3n y costos, escribe al correo flufi@mavi.cl","og_url":"https:\/\/mavi.uc.cl\/en\/visitas-institucionales\/","og_site_name":"MAVI UC","article_modified_time":"2023-02-02T17:03:53+00:00","twitter_card":"summary_large_image","schema":{"@context":"https:\/\/schema.org","@graph":[{"@type":"WebPage","@id":"https:\/\/mavi.uc.cl\/en\/visitas-institucionales\/","url":"https:\/\/mavi.uc.cl\/en\/visitas-institucionales\/","name":"Institutional visits - MAVI UC","isPartOf":{"@id":"https:\/\/mavi.uc.cl\/#website"},"datePublished":"2022-12-20T22:11:13+00:00","dateModified":"2023-02-02T17:03:53+00:00","breadcrumb":{"@id":"https:\/\/mavi.uc.cl\/en\/visitas-institucionales\/#breadcrumb"},"inLanguage":"en-US","potentialAction":[{"@type":"ReadAction","target":["https:\/\/mavi.uc.cl\/en\/visitas-institucionales\/"]}]},{"@type":"BreadcrumbList","@id":"https:\/\/mavi.uc.cl\/en\/visitas-institucionales\/#breadcrumb","itemListElement":[{"@type":"ListItem","position":1,"name":"Portada","item":"https:\/\/mavi.uc.cl\/en\/"},{"@type":"ListItem","position":2,"name":"Institutional visits"}]},{"@type":"WebSite","@id":"https:\/\/mavi.uc.cl\/#website","url":"https:\/\/mavi.uc.cl\/","name":"MAVI UC","description":"Museo de Artes Visuales","potentialAction":[{"@type":"SearchAction","target":{"@type":"EntryPoint","urlTemplate":"https:\/\/mavi.uc.cl\/?s={search_term_string}"},"query-input":{"@type":"PropertyValueSpecification","valueRequired":true,"valueName":"search_term_string"}}],"inLanguage":"en-US"}]}},"_links":{"self":[{"href":"https:\/\/mavi.uc.cl\/en\/wp-json\/wp\/v2\/pages\/2545","targetHints":{"allow":["GET"]}}],"collection":[{"href":"https:\/\/mavi.uc.cl\/en\/wp-json\/wp\/v2\/pages"}],"about":[{"href":"https:\/\/mavi.uc.cl\/en\/wp-json\/wp\/v2\/types\/page"}],"author":[{"embeddable":true,"href":"https:\/\/mavi.uc.cl\/en\/wp-json\/wp\/v2\/users\/1"}],"replies":[{"embeddable":true,"href":"https:\/\/mavi.uc.cl\/en\/wp-json\/wp\/v2\/comments?post=2545"}],"version-history":[{"count":0,"href":"https:\/\/mavi.uc.cl\/en\/wp-json\/wp\/v2\/pages\/2545\/revisions"}],"wp:attachment":[{"href":"https:\/\/mavi.uc.cl\/en\/wp-json\/wp\/v2\/media?parent=2545"}],"curies":[{"name":"wp","href":"https:\/\/api.w.org\/{rel}","templated":true}]}}