{"id":2537,"date":"2022-12-26T14:22:02","date_gmt":"2022-12-26T17:22:02","guid":{"rendered":"https:\/\/skymedia.works\/mavi\/quienes-somos\/"},"modified":"2023-02-02T13:45:48","modified_gmt":"2023-02-02T16:45:48","slug":"quienes-somos","status":"publish","type":"page","link":"https:\/\/mavi.uc.cl\/en\/quienes-somos\/","title":{"rendered":"About us"},"content":{"rendered":"<div class=\"row\">\n<div class=\"wp-block-columns is-layout-flex wp-container-core-columns-is-layout-9d6595d7 wp-block-columns-is-layout-flex\"><div class=\"col-md-6\">\n<div class=\"wp-block-column is-layout-flow wp-block-column-is-layout-flow\">\n<h2 class=\"wp-block-heading\">Mission<\/h2>\n\n\n\n<hr class=\"wp-block-separator has-alpha-channel-opacity custom-divider\"\/>\n\n\n\n<p>Fomentar el reconocimiento de la diversidad cultural y art\u00edstica nacional, promoviendo la conservaci\u00f3n y difusi\u00f3n del patrimonio y estableciendo una plataforma de estudio del arte chileno contempor\u00e1neo.<\/p>\n\n\n\n<p>A trav\u00e9s de nuestra gesti\u00f3n desde la cultura y el arte, aspiramos a articularnos como un factor de transformaci\u00f3n social, llevando al p\u00fablico general la experiencia de la apreciaci\u00f3n de diversas manifestaciones art\u00edsticas, estimulando el desarrollo de una conciencia cr\u00edtica y reflexiva.<\/p>\n<\/div>\n<\/div>\n\n<div class=\"col-md-6\">\n<div class=\"wp-block-column is-layout-flow wp-block-column-is-layout-flow\">\n<h2 class=\"wp-block-heading\">Vision<\/h2>\n\n\n\n<hr class=\"wp-block-separator has-alpha-channel-opacity custom-divider\"\/>\n\n\n\n<p>Queremos ser una eficaz y eficiente plataforma de mediaci\u00f3n entre la creaci\u00f3n art\u00edstica contempor\u00e1nea y potenciales nuevas audiencias. Aspiramos a convertirnos en una entidad de referencia en el \u00e1mbito cultural chileno, por nuestra colecci\u00f3n patrimonial, rigor documental, solidez expositiva, coherente propuesta de actividades y capacidad educativa.<\/p>\n<\/div>\n<\/div><\/div>\n<\/div>","protected":false},"excerpt":{"rendered":"<p>Mission Fomentar el reconocimiento de la diversidad cultural y art\u00edstica nacional, promoviendo la conservaci\u00f3n y difusi\u00f3n del patrimonio y estableciendo una plataforma de estudio del arte chileno contempor\u00e1neo. A trav\u00e9s de nuestra gesti\u00f3n desde la cultura y el arte, aspiramos a articularnos como un factor de transformaci\u00f3n social, llevando al p\u00fablico general la experiencia de [&hellip;]<\/p>\n","protected":false},"author":1,"featured_media":0,"parent":0,"menu_order":0,"comment_status":"closed","ping_status":"closed","template":"page-template-quienes-somos.php","meta":{"_acf_changed":false,"footnotes":""},"class_list":["post-2537","page","type-page","status-publish","hentry"],"acf":[],"yoast_head":"<!-- This site is optimized with the Yoast SEO plugin v27.0 - https:\/\/yoast.com\/product\/yoast-seo-wordpress\/ -->\n<title>About us - MAVI UC<\/title>\n<meta name=\"robots\" content=\"index, follow, max-snippet:-1, max-image-preview:large, max-video-preview:-1\" \/>\n<link rel=\"canonical\" href=\"https:\/\/mavi.uc.cl\/en\/quienes-somos\/\" \/>\n<meta property=\"og:locale\" content=\"en_US\" \/>\n<meta property=\"og:type\" content=\"article\" \/>\n<meta property=\"og:title\" content=\"About us - MAVI UC\" \/>\n<meta property=\"og:description\" content=\"Mission Fomentar el reconocimiento de la diversidad cultural y art\u00edstica nacional, promoviendo la conservaci\u00f3n y difusi\u00f3n del patrimonio y estableciendo una plataforma de estudio del arte chileno contempor\u00e1neo. A trav\u00e9s de nuestra gesti\u00f3n desde la cultura y el arte, aspiramos a articularnos como un factor de transformaci\u00f3n social, llevando al p\u00fablico general la experiencia de [&hellip;]\" \/>\n<meta property=\"og:url\" content=\"https:\/\/mavi.uc.cl\/en\/quienes-somos\/\" \/>\n<meta property=\"og:site_name\" content=\"MAVI UC\" \/>\n<meta property=\"article:modified_time\" content=\"2023-02-02T16:45:48+00:00\" \/>\n<meta name=\"twitter:card\" content=\"summary_large_image\" \/>\n<meta name=\"twitter:label1\" content=\"Est. reading time\" \/>\n\t<meta name=\"twitter:data1\" content=\"1 minute\" \/>\n<script type=\"application\/ld+json\" class=\"yoast-schema-graph\">{\"@context\":\"https:\/\/schema.org\",\"@graph\":[{\"@type\":\"WebPage\",\"@id\":\"https:\/\/mavi.uc.cl\/en\/quienes-somos\/\",\"url\":\"https:\/\/mavi.uc.cl\/en\/quienes-somos\/\",\"name\":\"About us - MAVI UC\",\"isPartOf\":{\"@id\":\"https:\/\/mavi.uc.cl\/#website\"},\"datePublished\":\"2022-12-26T17:22:02+00:00\",\"dateModified\":\"2023-02-02T16:45:48+00:00\",\"breadcrumb\":{\"@id\":\"https:\/\/mavi.uc.cl\/en\/quienes-somos\/#breadcrumb\"},\"inLanguage\":\"en-US\",\"potentialAction\":[{\"@type\":\"ReadAction\",\"target\":[\"https:\/\/mavi.uc.cl\/en\/quienes-somos\/\"]}]},{\"@type\":\"BreadcrumbList\",\"@id\":\"https:\/\/mavi.uc.cl\/en\/quienes-somos\/#breadcrumb\",\"itemListElement\":[{\"@type\":\"ListItem\",\"position\":1,\"name\":\"Portada\",\"item\":\"https:\/\/mavi.uc.cl\/en\/\"},{\"@type\":\"ListItem\",\"position\":2,\"name\":\"About us\"}]},{\"@type\":\"WebSite\",\"@id\":\"https:\/\/mavi.uc.cl\/#website\",\"url\":\"https:\/\/mavi.uc.cl\/\",\"name\":\"MAVI UC\",\"description\":\"Museo de Artes Visuales\",\"potentialAction\":[{\"@type\":\"SearchAction\",\"target\":{\"@type\":\"EntryPoint\",\"urlTemplate\":\"https:\/\/mavi.uc.cl\/?s={search_term_string}\"},\"query-input\":{\"@type\":\"PropertyValueSpecification\",\"valueRequired\":true,\"valueName\":\"search_term_string\"}}],\"inLanguage\":\"en-US\"}]}<\/script>\n<!-- \/ Yoast SEO plugin. -->","yoast_head_json":{"title":"About us - MAVI UC","robots":{"index":"index","follow":"follow","max-snippet":"max-snippet:-1","max-image-preview":"max-image-preview:large","max-video-preview":"max-video-preview:-1"},"canonical":"https:\/\/mavi.uc.cl\/en\/quienes-somos\/","og_locale":"en_US","og_type":"article","og_title":"About us - MAVI UC","og_description":"Mission Fomentar el reconocimiento de la diversidad cultural y art\u00edstica nacional, promoviendo la conservaci\u00f3n y difusi\u00f3n del patrimonio y estableciendo una plataforma de estudio del arte chileno contempor\u00e1neo. A trav\u00e9s de nuestra gesti\u00f3n desde la cultura y el arte, aspiramos a articularnos como un factor de transformaci\u00f3n social, llevando al p\u00fablico general la experiencia de [&hellip;]","og_url":"https:\/\/mavi.uc.cl\/en\/quienes-somos\/","og_site_name":"MAVI UC","article_modified_time":"2023-02-02T16:45:48+00:00","twitter_card":"summary_large_image","twitter_misc":{"Est. reading time":"1 minute"},"schema":{"@context":"https:\/\/schema.org","@graph":[{"@type":"WebPage","@id":"https:\/\/mavi.uc.cl\/en\/quienes-somos\/","url":"https:\/\/mavi.uc.cl\/en\/quienes-somos\/","name":"About us - MAVI UC","isPartOf":{"@id":"https:\/\/mavi.uc.cl\/#website"},"datePublished":"2022-12-26T17:22:02+00:00","dateModified":"2023-02-02T16:45:48+00:00","breadcrumb":{"@id":"https:\/\/mavi.uc.cl\/en\/quienes-somos\/#breadcrumb"},"inLanguage":"en-US","potentialAction":[{"@type":"ReadAction","target":["https:\/\/mavi.uc.cl\/en\/quienes-somos\/"]}]},{"@type":"BreadcrumbList","@id":"https:\/\/mavi.uc.cl\/en\/quienes-somos\/#breadcrumb","itemListElement":[{"@type":"ListItem","position":1,"name":"Portada","item":"https:\/\/mavi.uc.cl\/en\/"},{"@type":"ListItem","position":2,"name":"About us"}]},{"@type":"WebSite","@id":"https:\/\/mavi.uc.cl\/#website","url":"https:\/\/mavi.uc.cl\/","name":"MAVI UC","description":"Museo de Artes Visuales","potentialAction":[{"@type":"SearchAction","target":{"@type":"EntryPoint","urlTemplate":"https:\/\/mavi.uc.cl\/?s={search_term_string}"},"query-input":{"@type":"PropertyValueSpecification","valueRequired":true,"valueName":"search_term_string"}}],"inLanguage":"en-US"}]}},"_links":{"self":[{"href":"https:\/\/mavi.uc.cl\/en\/wp-json\/wp\/v2\/pages\/2537","targetHints":{"allow":["GET"]}}],"collection":[{"href":"https:\/\/mavi.uc.cl\/en\/wp-json\/wp\/v2\/pages"}],"about":[{"href":"https:\/\/mavi.uc.cl\/en\/wp-json\/wp\/v2\/types\/page"}],"author":[{"embeddable":true,"href":"https:\/\/mavi.uc.cl\/en\/wp-json\/wp\/v2\/users\/1"}],"replies":[{"embeddable":true,"href":"https:\/\/mavi.uc.cl\/en\/wp-json\/wp\/v2\/comments?post=2537"}],"version-history":[{"count":0,"href":"https:\/\/mavi.uc.cl\/en\/wp-json\/wp\/v2\/pages\/2537\/revisions"}],"wp:attachment":[{"href":"https:\/\/mavi.uc.cl\/en\/wp-json\/wp\/v2\/media?parent=2537"}],"curies":[{"name":"wp","href":"https:\/\/api.w.org\/{rel}","templated":true}]}}