{"id":2535,"date":"2022-12-26T14:22:38","date_gmt":"2022-12-26T17:22:38","guid":{"rendered":"https:\/\/skymedia.works\/mavi\/que-hacemos\/"},"modified":"2023-02-02T13:48:33","modified_gmt":"2023-02-02T16:48:33","slug":"que-hacemos","status":"publish","type":"page","link":"https:\/\/mavi.uc.cl\/en\/que-hacemos\/","title":{"rendered":"What do we do"},"content":{"rendered":"\n<h2 class=\"wp-block-heading\">Description<\/h2>\n\n\n\n<hr class=\"wp-block-separator has-alpha-channel-opacity custom-divider\"\/>\n\n\n\n<p>El Museo de Artes Visuales fue inaugurado el a\u00f1o 2001 en la Plaza Mulato Gil del Castro, ubicada en el centro de Santiago. Cada a\u00f1o, el Comit\u00e9 curatorial escoge alrededor de diez propuestas de exposici\u00f3n que son postuladas por artistas nacionales. Adem\u00e1s, en la programaci\u00f3n del museo se incluye de manera destacada la exposici\u00f3n del Premio MAVI UC, que existe desde el a\u00f1o 2006. Su cuidada infraestructura contiene exposiciones de arte contempor\u00e1neo que se presentan en sus seis salas. Adem\u00e1s, incluye la Sala MAS (Museo Arqueol\u00f3gico de Santiago), cuya muestra es de larga duraci\u00f3n.<\/p>\n\n\n\n<p>Sus fundadores fueron Manuel Santa Cruz L\u00f3pez y Hugo Yaconi Merino, quienes reunieron una colecci\u00f3n de m\u00e1s de mil obras de arte contempor\u00e1neo. La Fundaci\u00f3n que estuvo detr\u00e1s del museo por dos d\u00e9cadas se denomin\u00f3 Fundaci\u00f3n Cultural Plaza Mulato Gil de Castro. El a\u00f1o 2021, dicha Fundaci\u00f3n y la Pontificia Universidad Cat\u00f3lica de Chile se unieron para crear la Fundaci\u00f3n MAVI UC y potenciar el Museo de Artes Visuales que pas\u00f3 a llamarse MAVI UC.<\/p>\n","protected":false},"excerpt":{"rendered":"<p>Description El Museo de Artes Visuales fue inaugurado el a\u00f1o 2001 en la Plaza Mulato Gil del Castro, ubicada en el centro de Santiago. Cada a\u00f1o, el Comit\u00e9 curatorial escoge alrededor de diez propuestas de exposici\u00f3n que son postuladas por artistas nacionales. Adem\u00e1s, en la programaci\u00f3n del museo se incluye de manera destacada la exposici\u00f3n [&hellip;]<\/p>\n","protected":false},"author":1,"featured_media":0,"parent":0,"menu_order":0,"comment_status":"closed","ping_status":"closed","template":"page-template-que-hacemos.php","meta":{"_acf_changed":false,"footnotes":""},"class_list":["post-2535","page","type-page","status-publish","hentry"],"acf":[],"yoast_head":"<!-- This site is optimized with the Yoast SEO plugin v27.0 - https:\/\/yoast.com\/product\/yoast-seo-wordpress\/ -->\n<title>What do we do - MAVI UC<\/title>\n<meta name=\"robots\" content=\"index, follow, max-snippet:-1, max-image-preview:large, max-video-preview:-1\" \/>\n<link rel=\"canonical\" href=\"https:\/\/mavi.uc.cl\/en\/que-hacemos\/\" \/>\n<meta property=\"og:locale\" content=\"en_US\" \/>\n<meta property=\"og:type\" content=\"article\" \/>\n<meta property=\"og:title\" content=\"What do we do - MAVI UC\" \/>\n<meta property=\"og:description\" content=\"Description El Museo de Artes Visuales fue inaugurado el a\u00f1o 2001 en la Plaza Mulato Gil del Castro, ubicada en el centro de Santiago. Cada a\u00f1o, el Comit\u00e9 curatorial escoge alrededor de diez propuestas de exposici\u00f3n que son postuladas por artistas nacionales. Adem\u00e1s, en la programaci\u00f3n del museo se incluye de manera destacada la exposici\u00f3n [&hellip;]\" \/>\n<meta property=\"og:url\" content=\"https:\/\/mavi.uc.cl\/en\/que-hacemos\/\" \/>\n<meta property=\"og:site_name\" content=\"MAVI UC\" \/>\n<meta property=\"article:modified_time\" content=\"2023-02-02T16:48:33+00:00\" \/>\n<meta name=\"twitter:card\" content=\"summary_large_image\" \/>\n<meta name=\"twitter:label1\" content=\"Est. reading time\" \/>\n\t<meta name=\"twitter:data1\" content=\"1 minute\" \/>\n<script type=\"application\/ld+json\" class=\"yoast-schema-graph\">{\"@context\":\"https:\/\/schema.org\",\"@graph\":[{\"@type\":\"WebPage\",\"@id\":\"https:\/\/mavi.uc.cl\/en\/que-hacemos\/\",\"url\":\"https:\/\/mavi.uc.cl\/en\/que-hacemos\/\",\"name\":\"What do we do - MAVI UC\",\"isPartOf\":{\"@id\":\"https:\/\/mavi.uc.cl\/#website\"},\"datePublished\":\"2022-12-26T17:22:38+00:00\",\"dateModified\":\"2023-02-02T16:48:33+00:00\",\"breadcrumb\":{\"@id\":\"https:\/\/mavi.uc.cl\/en\/que-hacemos\/#breadcrumb\"},\"inLanguage\":\"en-US\",\"potentialAction\":[{\"@type\":\"ReadAction\",\"target\":[\"https:\/\/mavi.uc.cl\/en\/que-hacemos\/\"]}]},{\"@type\":\"BreadcrumbList\",\"@id\":\"https:\/\/mavi.uc.cl\/en\/que-hacemos\/#breadcrumb\",\"itemListElement\":[{\"@type\":\"ListItem\",\"position\":1,\"name\":\"Portada\",\"item\":\"https:\/\/mavi.uc.cl\/en\/\"},{\"@type\":\"ListItem\",\"position\":2,\"name\":\"What do we do\"}]},{\"@type\":\"WebSite\",\"@id\":\"https:\/\/mavi.uc.cl\/#website\",\"url\":\"https:\/\/mavi.uc.cl\/\",\"name\":\"MAVI UC\",\"description\":\"Museo de Artes Visuales\",\"potentialAction\":[{\"@type\":\"SearchAction\",\"target\":{\"@type\":\"EntryPoint\",\"urlTemplate\":\"https:\/\/mavi.uc.cl\/?s={search_term_string}\"},\"query-input\":{\"@type\":\"PropertyValueSpecification\",\"valueRequired\":true,\"valueName\":\"search_term_string\"}}],\"inLanguage\":\"en-US\"}]}<\/script>\n<!-- \/ Yoast SEO plugin. -->","yoast_head_json":{"title":"What do we do - MAVI UC","robots":{"index":"index","follow":"follow","max-snippet":"max-snippet:-1","max-image-preview":"max-image-preview:large","max-video-preview":"max-video-preview:-1"},"canonical":"https:\/\/mavi.uc.cl\/en\/que-hacemos\/","og_locale":"en_US","og_type":"article","og_title":"What do we do - MAVI UC","og_description":"Description El Museo de Artes Visuales fue inaugurado el a\u00f1o 2001 en la Plaza Mulato Gil del Castro, ubicada en el centro de Santiago. Cada a\u00f1o, el Comit\u00e9 curatorial escoge alrededor de diez propuestas de exposici\u00f3n que son postuladas por artistas nacionales. Adem\u00e1s, en la programaci\u00f3n del museo se incluye de manera destacada la exposici\u00f3n [&hellip;]","og_url":"https:\/\/mavi.uc.cl\/en\/que-hacemos\/","og_site_name":"MAVI UC","article_modified_time":"2023-02-02T16:48:33+00:00","twitter_card":"summary_large_image","twitter_misc":{"Est. reading time":"1 minute"},"schema":{"@context":"https:\/\/schema.org","@graph":[{"@type":"WebPage","@id":"https:\/\/mavi.uc.cl\/en\/que-hacemos\/","url":"https:\/\/mavi.uc.cl\/en\/que-hacemos\/","name":"What do we do - MAVI UC","isPartOf":{"@id":"https:\/\/mavi.uc.cl\/#website"},"datePublished":"2022-12-26T17:22:38+00:00","dateModified":"2023-02-02T16:48:33+00:00","breadcrumb":{"@id":"https:\/\/mavi.uc.cl\/en\/que-hacemos\/#breadcrumb"},"inLanguage":"en-US","potentialAction":[{"@type":"ReadAction","target":["https:\/\/mavi.uc.cl\/en\/que-hacemos\/"]}]},{"@type":"BreadcrumbList","@id":"https:\/\/mavi.uc.cl\/en\/que-hacemos\/#breadcrumb","itemListElement":[{"@type":"ListItem","position":1,"name":"Portada","item":"https:\/\/mavi.uc.cl\/en\/"},{"@type":"ListItem","position":2,"name":"What do we do"}]},{"@type":"WebSite","@id":"https:\/\/mavi.uc.cl\/#website","url":"https:\/\/mavi.uc.cl\/","name":"MAVI UC","description":"Museo de Artes Visuales","potentialAction":[{"@type":"SearchAction","target":{"@type":"EntryPoint","urlTemplate":"https:\/\/mavi.uc.cl\/?s={search_term_string}"},"query-input":{"@type":"PropertyValueSpecification","valueRequired":true,"valueName":"search_term_string"}}],"inLanguage":"en-US"}]}},"_links":{"self":[{"href":"https:\/\/mavi.uc.cl\/en\/wp-json\/wp\/v2\/pages\/2535","targetHints":{"allow":["GET"]}}],"collection":[{"href":"https:\/\/mavi.uc.cl\/en\/wp-json\/wp\/v2\/pages"}],"about":[{"href":"https:\/\/mavi.uc.cl\/en\/wp-json\/wp\/v2\/types\/page"}],"author":[{"embeddable":true,"href":"https:\/\/mavi.uc.cl\/en\/wp-json\/wp\/v2\/users\/1"}],"replies":[{"embeddable":true,"href":"https:\/\/mavi.uc.cl\/en\/wp-json\/wp\/v2\/comments?post=2535"}],"version-history":[{"count":0,"href":"https:\/\/mavi.uc.cl\/en\/wp-json\/wp\/v2\/pages\/2535\/revisions"}],"wp:attachment":[{"href":"https:\/\/mavi.uc.cl\/en\/wp-json\/wp\/v2\/media?parent=2535"}],"curies":[{"name":"wp","href":"https:\/\/api.w.org\/{rel}","templated":true}]}}