{"id":2529,"date":"2022-12-26T14:23:03","date_gmt":"2022-12-26T17:23:03","guid":{"rendered":"https:\/\/skymedia.works\/mavi\/historia\/"},"modified":"2023-02-02T13:55:34","modified_gmt":"2023-02-02T16:55:34","slug":"historia","status":"publish","type":"page","link":"https:\/\/mavi.uc.cl\/en\/historia\/","title":{"rendered":"History"},"content":{"rendered":"<div class=\"row\">\n<div class=\"wp-block-columns is-layout-flex wp-container-core-columns-is-layout-9d6595d7 wp-block-columns-is-layout-flex\"><div class=\"col-md-6\">\n<div class=\"wp-block-column is-layout-flow wp-block-column-is-layout-flow\">\n<p>Desde antes de su fundaci\u00f3n, en octubre de 1981, la Plaza Mulato Gil ya era mucho m\u00e1s que dos mil metros cuadrados de construcci\u00f3n. Los responsables de su planificaci\u00f3n ten\u00edan un objetivo claro y puntual para este proyecto: el arte chileno estar\u00eda a cargo de darle forma y vida.<\/p>\n\n\n\n<p>Los creadores de la Plaza Mulato Gil fueron Manuel Santa Cruz L\u00f3pez y Hugo Yaconi Merino, hombres visionarios y generosos, que a trav\u00e9s de sus ideas precursoras, dieron vida a este espacio de uni\u00f3n colectiva y reconocimiento identitario. Un espacio urbano que ha aportado mucho a la ciudad de Santiago, y en torno al cual se gener\u00f3 un verdadero foco de est\u00edmulos rec\u00edprocos, dando vida a un circuito cultural compuesto por galer\u00edas, talleres, teatro, m\u00fasica, tiendas, librer\u00edas, centros culturales, museos y m\u00e1s.<\/p>\n\n\n\n<p>El Museo de Artes Visuales fue inaugurado el 11 de abril de 2001 en la Plaza Mulato Gil del Castro, ubicada en el centro de Santiago de Chile. Sus fundadores fueron Manuel Santa Cruz y Hugo Yaconi, quienes reunieron una colecci\u00f3n de importantes artistas como Roberto Matta, Nemesio Ant\u00fanez, Federico Assler, Jos\u00e9 Balmes, Gracia Barrios, Mario Carre\u00f1o, Sergio Castillo, Marta Colvin, Gonzalo D\u00edaz, Eugenio Dittborn, Lily Garafulic, Paz Err\u00e1zuriz, Guillermo N\u00fa\u00f1ez, Rodolfo Opazo, Samuel Rom\u00e1n y Eduardo Vilches.<\/p>\n<\/div>\n<\/div>\n\n<div class=\"col-md-6\">\n<div class=\"wp-block-column is-layout-flow wp-block-column-is-layout-flow\">\n<p>La Fundaci\u00f3n que estuvo detr\u00e1s del MAVI se denomin\u00f3 Fundaci\u00f3n Cultural Plaza Mulato Gil de Castro. El Museo de Artes Visuales da espacio a la exhibici\u00f3n de obras de artistas emergentes mediante el Premio MAVI Arte Joven, creado el a\u00f1o 2006. Tambi\u00e9n, desde el a\u00f1o 2018, desarrolla la Beca Fundaci\u00f3n Actual MAVI, para artistas de mediana carrera. Adem\u00e1s, realiza numerosas actividades educacionales en tres l\u00edneas program\u00e1ticas: Museo + Comunidad, Museo +Inclusi\u00f3n y Museo + Escuela.<\/p>\n\n\n\n<p>El MAVI cuenta con la Sala MAS (Museo Arqueol\u00f3gico de Santiago), donde presenta una selecci\u00f3n de objetos arqueol\u00f3gicos y etnogr\u00e1ficos en vinculaci\u00f3n con el arte contempor\u00e1neo. El origen de esta sala se remonta al a\u00f1o 1981, cuando fue creado el Museo Arqueol\u00f3gico de Santiago, MAS, con una colecci\u00f3n de m\u00e1s tres mil piezas de los fundadores del MAVI. En el a\u00f1o 2011, se resolvi\u00f3 traspasar esta colecci\u00f3n al Museo Chileno de Arte Precolombino y mostrar una peque\u00f1a parte en la mencionada Sala MAS.<\/p>\n\n\n\n<p>En enero de 2021, la Pontificia Universidad Cat\u00f3lica de Chile y la Fundaci\u00f3n Cultural Plaza Mulato Gil de Castro se unen para crear la Fundaci\u00f3n MAVI UC y potenciar el Museo de Artes Visuales que pasa a llamarse MAVI UC. Luego de un a\u00f1o de trabajo interno, se realiza la presentaci\u00f3n formal de MAVI UC en abril de 2022.<\/p>\n<\/div>\n<\/div><\/div>\n<\/div>\n\n\n<h2 class=\"wp-block-heading\">Gallery<\/h2>\n\n\n\n<hr class=\"wp-block-separator has-alpha-channel-opacity custom-divider\"\/>\n\n\n<div class=\"row\">\n<div class=\"wp-block-columns is-layout-flex wp-container-core-columns-is-layout-9d6595d7 wp-block-columns-is-layout-flex\"><div class=\"col-md-6\">\n<div class=\"wp-block-column is-layout-flow wp-block-column-is-layout-flow\">\n<figure class=\"wp-block-image size-full\"><img loading=\"lazy\" decoding=\"async\" width=\"922\" height=\"1024\" src=\"https:\/\/mavi.uc.cl\/wp-content\/uploads\/2022\/12\/03.Historia-1.-Lastarria-307-a-inicios-del-siglo-XX.-1.jpg\" alt=\"\" class=\"wp-image-373\" srcset=\"https:\/\/mavi.uc.cl\/wp-content\/uploads\/2022\/12\/03.Historia-1.-Lastarria-307-a-inicios-del-siglo-XX.-1.jpg 922w, https:\/\/mavi.uc.cl\/wp-content\/uploads\/2022\/12\/03.Historia-1.-Lastarria-307-a-inicios-del-siglo-XX.-1-300x333.jpg 300w, https:\/\/mavi.uc.cl\/wp-content\/uploads\/2022\/12\/03.Historia-1.-Lastarria-307-a-inicios-del-siglo-XX.-1-600x666.jpg 600w, https:\/\/mavi.uc.cl\/wp-content\/uploads\/2022\/12\/03.Historia-1.-Lastarria-307-a-inicios-del-siglo-XX.-1-270x300.jpg 270w, https:\/\/mavi.uc.cl\/wp-content\/uploads\/2022\/12\/03.Historia-1.-Lastarria-307-a-inicios-del-siglo-XX.-1-768x853.jpg 768w\" sizes=\"auto, (max-width: 922px) 100vw, 922px\" \/><\/figure>\n\n\n\n<figure class=\"wp-block-image size-large\"><img loading=\"lazy\" decoding=\"async\" width=\"1024\" height=\"955\" src=\"https:\/\/mavi.uc.cl\/wp-content\/uploads\/2022\/12\/03.Historia-3.-Remodelacion-y-construccion-de-Plaza-Mulato-Gil.-1980-1981-1024x955.jpg\" alt=\"\" class=\"wp-image-364\" srcset=\"https:\/\/mavi.uc.cl\/wp-content\/uploads\/2022\/12\/03.Historia-3.-Remodelacion-y-construccion-de-Plaza-Mulato-Gil.-1980-1981-1024x955.jpg 1024w, https:\/\/mavi.uc.cl\/wp-content\/uploads\/2022\/12\/03.Historia-3.-Remodelacion-y-construccion-de-Plaza-Mulato-Gil.-1980-1981-300x280.jpg 300w, https:\/\/mavi.uc.cl\/wp-content\/uploads\/2022\/12\/03.Historia-3.-Remodelacion-y-construccion-de-Plaza-Mulato-Gil.-1980-1981-600x560.jpg 600w, https:\/\/mavi.uc.cl\/wp-content\/uploads\/2022\/12\/03.Historia-3.-Remodelacion-y-construccion-de-Plaza-Mulato-Gil.-1980-1981-768x716.jpg 768w, https:\/\/mavi.uc.cl\/wp-content\/uploads\/2022\/12\/03.Historia-3.-Remodelacion-y-construccion-de-Plaza-Mulato-Gil.-1980-1981.jpg 1098w\" sizes=\"auto, (max-width: 1024px) 100vw, 1024px\" \/><\/figure>\n\n\n\n<figure class=\"wp-block-image size-large\"><img loading=\"lazy\" decoding=\"async\" width=\"1024\" height=\"672\" src=\"https:\/\/mavi.uc.cl\/wp-content\/uploads\/2022\/12\/03.Historia-4.-Remodelacion-y-construccion-de-Plaza-Mulato-Gil.-1980-1981-1024x672.jpg\" alt=\"\" class=\"wp-image-365\" srcset=\"https:\/\/mavi.uc.cl\/wp-content\/uploads\/2022\/12\/03.Historia-4.-Remodelacion-y-construccion-de-Plaza-Mulato-Gil.-1980-1981-1024x672.jpg 1024w, https:\/\/mavi.uc.cl\/wp-content\/uploads\/2022\/12\/03.Historia-4.-Remodelacion-y-construccion-de-Plaza-Mulato-Gil.-1980-1981-300x197.jpg 300w, https:\/\/mavi.uc.cl\/wp-content\/uploads\/2022\/12\/03.Historia-4.-Remodelacion-y-construccion-de-Plaza-Mulato-Gil.-1980-1981-600x394.jpg 600w, https:\/\/mavi.uc.cl\/wp-content\/uploads\/2022\/12\/03.Historia-4.-Remodelacion-y-construccion-de-Plaza-Mulato-Gil.-1980-1981-768x504.jpg 768w, https:\/\/mavi.uc.cl\/wp-content\/uploads\/2022\/12\/03.Historia-4.-Remodelacion-y-construccion-de-Plaza-Mulato-Gil.-1980-1981.jpg 1280w\" sizes=\"auto, (max-width: 1024px) 100vw, 1024px\" \/><\/figure>\n\n\n\n<p><\/p>\n<\/div>\n<\/div>\n\n<div class=\"col-md-6\">\n<div class=\"wp-block-column is-layout-flow wp-block-column-is-layout-flow\">\n<figure class=\"wp-block-image size-full\"><img loading=\"lazy\" decoding=\"async\" width=\"881\" height=\"1024\" src=\"https:\/\/mavi.uc.cl\/wp-content\/uploads\/2022\/12\/03.Historia-2.-Lastarria-305-anos-80.jpg\" alt=\"\" class=\"wp-image-363\" srcset=\"https:\/\/mavi.uc.cl\/wp-content\/uploads\/2022\/12\/03.Historia-2.-Lastarria-305-anos-80.jpg 881w, https:\/\/mavi.uc.cl\/wp-content\/uploads\/2022\/12\/03.Historia-2.-Lastarria-305-anos-80-300x349.jpg 300w, https:\/\/mavi.uc.cl\/wp-content\/uploads\/2022\/12\/03.Historia-2.-Lastarria-305-anos-80-600x697.jpg 600w, https:\/\/mavi.uc.cl\/wp-content\/uploads\/2022\/12\/03.Historia-2.-Lastarria-305-anos-80-258x300.jpg 258w, https:\/\/mavi.uc.cl\/wp-content\/uploads\/2022\/12\/03.Historia-2.-Lastarria-305-anos-80-768x893.jpg 768w\" sizes=\"auto, (max-width: 881px) 100vw, 881px\" \/><\/figure>\n\n\n\n<figure class=\"wp-block-image size-full\"><img loading=\"lazy\" decoding=\"async\" width=\"764\" height=\"1024\" src=\"https:\/\/mavi.uc.cl\/wp-content\/uploads\/2022\/12\/03.Historia-5.-Inauguracion-Plaza-Mulato-Gil-de-Castro.-29-de-octubre-de-1981.-Discurso-de-Hernan-Puelma..jpg\" alt=\"\" class=\"wp-image-366\" srcset=\"https:\/\/mavi.uc.cl\/wp-content\/uploads\/2022\/12\/03.Historia-5.-Inauguracion-Plaza-Mulato-Gil-de-Castro.-29-de-octubre-de-1981.-Discurso-de-Hernan-Puelma..jpg 764w, https:\/\/mavi.uc.cl\/wp-content\/uploads\/2022\/12\/03.Historia-5.-Inauguracion-Plaza-Mulato-Gil-de-Castro.-29-de-octubre-de-1981.-Discurso-de-Hernan-Puelma.-300x402.jpg 300w, https:\/\/mavi.uc.cl\/wp-content\/uploads\/2022\/12\/03.Historia-5.-Inauguracion-Plaza-Mulato-Gil-de-Castro.-29-de-octubre-de-1981.-Discurso-de-Hernan-Puelma.-600x804.jpg 600w, https:\/\/mavi.uc.cl\/wp-content\/uploads\/2022\/12\/03.Historia-5.-Inauguracion-Plaza-Mulato-Gil-de-Castro.-29-de-octubre-de-1981.-Discurso-de-Hernan-Puelma.-224x300.jpg 224w\" sizes=\"auto, (max-width: 764px) 100vw, 764px\" \/><\/figure>\n\n\n\n<p><\/p>\n<\/div>\n<\/div><\/div>\n<\/div>","protected":false},"excerpt":{"rendered":"<p>Desde antes de su fundaci\u00f3n, en octubre de 1981, la Plaza Mulato Gil ya era mucho m\u00e1s que dos mil metros cuadrados de construcci\u00f3n. Los responsables de su planificaci\u00f3n ten\u00edan un objetivo claro y puntual para este proyecto: el arte chileno estar\u00eda a cargo de darle forma y vida. Los creadores de la Plaza Mulato [&hellip;]<\/p>\n","protected":false},"author":1,"featured_media":0,"parent":0,"menu_order":0,"comment_status":"closed","ping_status":"closed","template":"page-template-historia.php","meta":{"_acf_changed":false,"footnotes":""},"class_list":["post-2529","page","type-page","status-publish","hentry"],"acf":[],"yoast_head":"<!-- This site is optimized with the Yoast SEO plugin v27.0 - https:\/\/yoast.com\/product\/yoast-seo-wordpress\/ -->\n<title>History - MAVI UC<\/title>\n<meta name=\"robots\" content=\"index, follow, max-snippet:-1, max-image-preview:large, max-video-preview:-1\" \/>\n<link rel=\"canonical\" href=\"https:\/\/mavi.uc.cl\/en\/historia\/\" \/>\n<meta property=\"og:locale\" content=\"en_US\" \/>\n<meta property=\"og:type\" content=\"article\" \/>\n<meta property=\"og:title\" content=\"History - MAVI UC\" \/>\n<meta property=\"og:description\" content=\"Desde antes de su fundaci\u00f3n, en octubre de 1981, la Plaza Mulato Gil ya era mucho m\u00e1s que dos mil metros cuadrados de construcci\u00f3n. Los responsables de su planificaci\u00f3n ten\u00edan un objetivo claro y puntual para este proyecto: el arte chileno estar\u00eda a cargo de darle forma y vida. Los creadores de la Plaza Mulato [&hellip;]\" \/>\n<meta property=\"og:url\" content=\"https:\/\/mavi.uc.cl\/en\/historia\/\" \/>\n<meta property=\"og:site_name\" content=\"MAVI UC\" \/>\n<meta property=\"article:modified_time\" content=\"2023-02-02T16:55:34+00:00\" \/>\n<meta property=\"og:image\" content=\"https:\/\/mavi.uc.cl\/wp-content\/uploads\/2022\/12\/03.Historia-1.-Lastarria-307-a-inicios-del-siglo-XX.-1.jpg\" \/>\n\t<meta property=\"og:image:width\" content=\"922\" \/>\n\t<meta property=\"og:image:height\" content=\"1024\" \/>\n\t<meta property=\"og:image:type\" content=\"image\/jpeg\" \/>\n<meta name=\"twitter:card\" content=\"summary_large_image\" \/>\n<meta name=\"twitter:label1\" content=\"Est. reading time\" \/>\n\t<meta name=\"twitter:data1\" content=\"2 minutes\" \/>\n<script type=\"application\/ld+json\" class=\"yoast-schema-graph\">{\"@context\":\"https:\/\/schema.org\",\"@graph\":[{\"@type\":\"WebPage\",\"@id\":\"https:\/\/mavi.uc.cl\/en\/historia\/\",\"url\":\"https:\/\/mavi.uc.cl\/en\/historia\/\",\"name\":\"History - MAVI UC\",\"isPartOf\":{\"@id\":\"https:\/\/mavi.uc.cl\/#website\"},\"primaryImageOfPage\":{\"@id\":\"https:\/\/mavi.uc.cl\/en\/historia\/#primaryimage\"},\"image\":{\"@id\":\"https:\/\/mavi.uc.cl\/en\/historia\/#primaryimage\"},\"thumbnailUrl\":\"https:\/\/mavi.uc.cl\/wp-content\/uploads\/2022\/12\/03.Historia-1.-Lastarria-307-a-inicios-del-siglo-XX.-1.jpg\",\"datePublished\":\"2022-12-26T17:23:03+00:00\",\"dateModified\":\"2023-02-02T16:55:34+00:00\",\"breadcrumb\":{\"@id\":\"https:\/\/mavi.uc.cl\/en\/historia\/#breadcrumb\"},\"inLanguage\":\"en-US\",\"potentialAction\":[{\"@type\":\"ReadAction\",\"target\":[\"https:\/\/mavi.uc.cl\/en\/historia\/\"]}]},{\"@type\":\"ImageObject\",\"inLanguage\":\"en-US\",\"@id\":\"https:\/\/mavi.uc.cl\/en\/historia\/#primaryimage\",\"url\":\"https:\/\/mavi.uc.cl\/wp-content\/uploads\/2022\/12\/03.Historia-1.-Lastarria-307-a-inicios-del-siglo-XX.-1.jpg\",\"contentUrl\":\"https:\/\/mavi.uc.cl\/wp-content\/uploads\/2022\/12\/03.Historia-1.-Lastarria-307-a-inicios-del-siglo-XX.-1.jpg\"},{\"@type\":\"BreadcrumbList\",\"@id\":\"https:\/\/mavi.uc.cl\/en\/historia\/#breadcrumb\",\"itemListElement\":[{\"@type\":\"ListItem\",\"position\":1,\"name\":\"Portada\",\"item\":\"https:\/\/mavi.uc.cl\/en\/\"},{\"@type\":\"ListItem\",\"position\":2,\"name\":\"History\"}]},{\"@type\":\"WebSite\",\"@id\":\"https:\/\/mavi.uc.cl\/#website\",\"url\":\"https:\/\/mavi.uc.cl\/\",\"name\":\"MAVI UC\",\"description\":\"Museo de Artes Visuales\",\"potentialAction\":[{\"@type\":\"SearchAction\",\"target\":{\"@type\":\"EntryPoint\",\"urlTemplate\":\"https:\/\/mavi.uc.cl\/?s={search_term_string}\"},\"query-input\":{\"@type\":\"PropertyValueSpecification\",\"valueRequired\":true,\"valueName\":\"search_term_string\"}}],\"inLanguage\":\"en-US\"}]}<\/script>\n<!-- \/ Yoast SEO plugin. -->","yoast_head_json":{"title":"History - MAVI UC","robots":{"index":"index","follow":"follow","max-snippet":"max-snippet:-1","max-image-preview":"max-image-preview:large","max-video-preview":"max-video-preview:-1"},"canonical":"https:\/\/mavi.uc.cl\/en\/historia\/","og_locale":"en_US","og_type":"article","og_title":"History - MAVI UC","og_description":"Desde antes de su fundaci\u00f3n, en octubre de 1981, la Plaza Mulato Gil ya era mucho m\u00e1s que dos mil metros cuadrados de construcci\u00f3n. Los responsables de su planificaci\u00f3n ten\u00edan un objetivo claro y puntual para este proyecto: el arte chileno estar\u00eda a cargo de darle forma y vida. Los creadores de la Plaza Mulato [&hellip;]","og_url":"https:\/\/mavi.uc.cl\/en\/historia\/","og_site_name":"MAVI UC","article_modified_time":"2023-02-02T16:55:34+00:00","og_image":[{"width":922,"height":1024,"url":"https:\/\/mavi.uc.cl\/wp-content\/uploads\/2022\/12\/03.Historia-1.-Lastarria-307-a-inicios-del-siglo-XX.-1.jpg","type":"image\/jpeg"}],"twitter_card":"summary_large_image","twitter_misc":{"Est. reading time":"2 minutes"},"schema":{"@context":"https:\/\/schema.org","@graph":[{"@type":"WebPage","@id":"https:\/\/mavi.uc.cl\/en\/historia\/","url":"https:\/\/mavi.uc.cl\/en\/historia\/","name":"History - MAVI UC","isPartOf":{"@id":"https:\/\/mavi.uc.cl\/#website"},"primaryImageOfPage":{"@id":"https:\/\/mavi.uc.cl\/en\/historia\/#primaryimage"},"image":{"@id":"https:\/\/mavi.uc.cl\/en\/historia\/#primaryimage"},"thumbnailUrl":"https:\/\/mavi.uc.cl\/wp-content\/uploads\/2022\/12\/03.Historia-1.-Lastarria-307-a-inicios-del-siglo-XX.-1.jpg","datePublished":"2022-12-26T17:23:03+00:00","dateModified":"2023-02-02T16:55:34+00:00","breadcrumb":{"@id":"https:\/\/mavi.uc.cl\/en\/historia\/#breadcrumb"},"inLanguage":"en-US","potentialAction":[{"@type":"ReadAction","target":["https:\/\/mavi.uc.cl\/en\/historia\/"]}]},{"@type":"ImageObject","inLanguage":"en-US","@id":"https:\/\/mavi.uc.cl\/en\/historia\/#primaryimage","url":"https:\/\/mavi.uc.cl\/wp-content\/uploads\/2022\/12\/03.Historia-1.-Lastarria-307-a-inicios-del-siglo-XX.-1.jpg","contentUrl":"https:\/\/mavi.uc.cl\/wp-content\/uploads\/2022\/12\/03.Historia-1.-Lastarria-307-a-inicios-del-siglo-XX.-1.jpg"},{"@type":"BreadcrumbList","@id":"https:\/\/mavi.uc.cl\/en\/historia\/#breadcrumb","itemListElement":[{"@type":"ListItem","position":1,"name":"Portada","item":"https:\/\/mavi.uc.cl\/en\/"},{"@type":"ListItem","position":2,"name":"History"}]},{"@type":"WebSite","@id":"https:\/\/mavi.uc.cl\/#website","url":"https:\/\/mavi.uc.cl\/","name":"MAVI UC","description":"Museo de Artes Visuales","potentialAction":[{"@type":"SearchAction","target":{"@type":"EntryPoint","urlTemplate":"https:\/\/mavi.uc.cl\/?s={search_term_string}"},"query-input":{"@type":"PropertyValueSpecification","valueRequired":true,"valueName":"search_term_string"}}],"inLanguage":"en-US"}]}},"_links":{"self":[{"href":"https:\/\/mavi.uc.cl\/en\/wp-json\/wp\/v2\/pages\/2529","targetHints":{"allow":["GET"]}}],"collection":[{"href":"https:\/\/mavi.uc.cl\/en\/wp-json\/wp\/v2\/pages"}],"about":[{"href":"https:\/\/mavi.uc.cl\/en\/wp-json\/wp\/v2\/types\/page"}],"author":[{"embeddable":true,"href":"https:\/\/mavi.uc.cl\/en\/wp-json\/wp\/v2\/users\/1"}],"replies":[{"embeddable":true,"href":"https:\/\/mavi.uc.cl\/en\/wp-json\/wp\/v2\/comments?post=2529"}],"version-history":[{"count":0,"href":"https:\/\/mavi.uc.cl\/en\/wp-json\/wp\/v2\/pages\/2529\/revisions"}],"wp:attachment":[{"href":"https:\/\/mavi.uc.cl\/en\/wp-json\/wp\/v2\/media?parent=2529"}],"curies":[{"name":"wp","href":"https:\/\/api.w.org\/{rel}","templated":true}]}}