{"id":2525,"date":"2022-12-27T23:26:06","date_gmt":"2022-12-28T02:26:06","guid":{"rendered":"https:\/\/skymedia.works\/mavi\/educacion-museo-escuela\/"},"modified":"2023-02-02T13:25:49","modified_gmt":"2023-02-02T16:25:49","slug":"educacion-museo-escuela","status":"publish","type":"page","link":"https:\/\/mavi.uc.cl\/en\/educacion-museo-escuela\/","title":{"rendered":"Education: Museum + School"},"content":{"rendered":"<div class=\"row\">\n<div class=\"wp-block-columns is-layout-flex wp-container-core-columns-is-layout-9d6595d7 wp-block-columns-is-layout-flex\"><div class=\"col-md-6\">\n<div class=\"wp-block-column is-layout-flow wp-block-column-is-layout-flow\">\n<p>Museo + Escuela es una de las l\u00edneas de trabajo del \u00c1rea de Educaci\u00f3n e Inclusi\u00f3n de MAVI UC.&nbsp;<\/p>\n\n\n\n<p>El foco es ser un aporte para los establecimientos escolares y universidades, junto a quienes les dan vida: estudiantes y profesores\/as. Con esta finalidad, se generan encuentros para apoyar en el aprendizaje y en la ense\u00f1anza de la educaci\u00f3n formal con herramientas, materiales y mediaci\u00f3n, a trav\u00e9s del Modelo Interfaz y sus tres etapas: activaci\u00f3n, interpretaci\u00f3n y creaci\u00f3n. Se llevan a cabo Visitas mediadas presenciales para estudiantes; la Semana de la Educaci\u00f3n Art\u00edstica; la Semana de las Artes Visuales; y el taller Punto de Encuentro, que entrega a profesores\/as herramientas creativas y socioafectivas en torno al arte contempor\u00e1neo.<\/p>\n<\/div>\n<\/div>\n\n<div class=\"col-md-6\">\n<div class=\"wp-block-column is-layout-flow wp-block-column-is-layout-flow\">\n<p>Si bien, los Cuadernos de actividades y los videos de conversaci\u00f3n con artistas para presentar dichos recursos partieron como material para docentes, actualmente, se ofrecen para toda la comunidad.<\/p>\n\n\n\r\n<div class=\"boton\">\r\n\r\n<a href=\"https:\/\/mavi.uc.cl\/en\/educacion-museo-y-comunidad\/\" class=\"uc-btn nwbtn-azul\">Go to Museum + Community<\/a>\r\n    \r\n\r\n<\/div><\/div>\n<\/div><\/div>\n<\/div>","protected":false},"excerpt":{"rendered":"<p>Museo + Escuela es una de las l\u00edneas de trabajo del \u00c1rea de Educaci\u00f3n e Inclusi\u00f3n de MAVI UC.&nbsp; El foco es ser un aporte para los establecimientos escolares y universidades, junto a quienes les dan vida: estudiantes y profesores\/as. Con esta finalidad, se generan encuentros para apoyar en el aprendizaje y en la ense\u00f1anza [&hellip;]<\/p>\n","protected":false},"author":1,"featured_media":0,"parent":0,"menu_order":0,"comment_status":"closed","ping_status":"closed","template":"page-template-museo-escuela.php","meta":{"_acf_changed":false,"footnotes":""},"class_list":["post-2525","page","type-page","status-publish","hentry"],"acf":[],"yoast_head":"<!-- This site is optimized with the Yoast SEO plugin v27.0 - https:\/\/yoast.com\/product\/yoast-seo-wordpress\/ -->\n<title>Education: Museum + School - MAVI UC<\/title>\n<meta name=\"robots\" content=\"index, follow, max-snippet:-1, max-image-preview:large, max-video-preview:-1\" \/>\n<link rel=\"canonical\" href=\"https:\/\/mavi.uc.cl\/en\/educacion-museo-escuela\/\" \/>\n<meta property=\"og:locale\" content=\"en_US\" \/>\n<meta property=\"og:type\" content=\"article\" \/>\n<meta property=\"og:title\" content=\"Education: Museum + School - MAVI UC\" \/>\n<meta property=\"og:description\" content=\"Museo + Escuela es una de las l\u00edneas de trabajo del \u00c1rea de Educaci\u00f3n e Inclusi\u00f3n de MAVI UC.&nbsp; El foco es ser un aporte para los establecimientos escolares y universidades, junto a quienes les dan vida: estudiantes y profesores\/as. Con esta finalidad, se generan encuentros para apoyar en el aprendizaje y en la ense\u00f1anza [&hellip;]\" \/>\n<meta property=\"og:url\" content=\"https:\/\/mavi.uc.cl\/en\/educacion-museo-escuela\/\" \/>\n<meta property=\"og:site_name\" content=\"MAVI UC\" \/>\n<meta property=\"article:modified_time\" content=\"2023-02-02T16:25:49+00:00\" \/>\n<meta name=\"twitter:card\" content=\"summary_large_image\" \/>\n<meta name=\"twitter:label1\" content=\"Est. reading time\" \/>\n\t<meta name=\"twitter:data1\" content=\"1 minute\" \/>\n<script type=\"application\/ld+json\" class=\"yoast-schema-graph\">{\"@context\":\"https:\/\/schema.org\",\"@graph\":[{\"@type\":\"WebPage\",\"@id\":\"https:\/\/mavi.uc.cl\/en\/educacion-museo-escuela\/\",\"url\":\"https:\/\/mavi.uc.cl\/en\/educacion-museo-escuela\/\",\"name\":\"Education: Museum + School - MAVI UC\",\"isPartOf\":{\"@id\":\"https:\/\/mavi.uc.cl\/#website\"},\"datePublished\":\"2022-12-28T02:26:06+00:00\",\"dateModified\":\"2023-02-02T16:25:49+00:00\",\"breadcrumb\":{\"@id\":\"https:\/\/mavi.uc.cl\/en\/educacion-museo-escuela\/#breadcrumb\"},\"inLanguage\":\"en-US\",\"potentialAction\":[{\"@type\":\"ReadAction\",\"target\":[\"https:\/\/mavi.uc.cl\/en\/educacion-museo-escuela\/\"]}]},{\"@type\":\"BreadcrumbList\",\"@id\":\"https:\/\/mavi.uc.cl\/en\/educacion-museo-escuela\/#breadcrumb\",\"itemListElement\":[{\"@type\":\"ListItem\",\"position\":1,\"name\":\"Portada\",\"item\":\"https:\/\/mavi.uc.cl\/en\/\"},{\"@type\":\"ListItem\",\"position\":2,\"name\":\"Education: Museum + School\"}]},{\"@type\":\"WebSite\",\"@id\":\"https:\/\/mavi.uc.cl\/#website\",\"url\":\"https:\/\/mavi.uc.cl\/\",\"name\":\"MAVI UC\",\"description\":\"Museo de Artes Visuales\",\"potentialAction\":[{\"@type\":\"SearchAction\",\"target\":{\"@type\":\"EntryPoint\",\"urlTemplate\":\"https:\/\/mavi.uc.cl\/?s={search_term_string}\"},\"query-input\":{\"@type\":\"PropertyValueSpecification\",\"valueRequired\":true,\"valueName\":\"search_term_string\"}}],\"inLanguage\":\"en-US\"}]}<\/script>\n<!-- \/ Yoast SEO plugin. -->","yoast_head_json":{"title":"Education: Museum + School - MAVI UC","robots":{"index":"index","follow":"follow","max-snippet":"max-snippet:-1","max-image-preview":"max-image-preview:large","max-video-preview":"max-video-preview:-1"},"canonical":"https:\/\/mavi.uc.cl\/en\/educacion-museo-escuela\/","og_locale":"en_US","og_type":"article","og_title":"Education: Museum + School - MAVI UC","og_description":"Museo + Escuela es una de las l\u00edneas de trabajo del \u00c1rea de Educaci\u00f3n e Inclusi\u00f3n de MAVI UC.&nbsp; El foco es ser un aporte para los establecimientos escolares y universidades, junto a quienes les dan vida: estudiantes y profesores\/as. Con esta finalidad, se generan encuentros para apoyar en el aprendizaje y en la ense\u00f1anza [&hellip;]","og_url":"https:\/\/mavi.uc.cl\/en\/educacion-museo-escuela\/","og_site_name":"MAVI UC","article_modified_time":"2023-02-02T16:25:49+00:00","twitter_card":"summary_large_image","twitter_misc":{"Est. reading time":"1 minute"},"schema":{"@context":"https:\/\/schema.org","@graph":[{"@type":"WebPage","@id":"https:\/\/mavi.uc.cl\/en\/educacion-museo-escuela\/","url":"https:\/\/mavi.uc.cl\/en\/educacion-museo-escuela\/","name":"Education: Museum + School - MAVI UC","isPartOf":{"@id":"https:\/\/mavi.uc.cl\/#website"},"datePublished":"2022-12-28T02:26:06+00:00","dateModified":"2023-02-02T16:25:49+00:00","breadcrumb":{"@id":"https:\/\/mavi.uc.cl\/en\/educacion-museo-escuela\/#breadcrumb"},"inLanguage":"en-US","potentialAction":[{"@type":"ReadAction","target":["https:\/\/mavi.uc.cl\/en\/educacion-museo-escuela\/"]}]},{"@type":"BreadcrumbList","@id":"https:\/\/mavi.uc.cl\/en\/educacion-museo-escuela\/#breadcrumb","itemListElement":[{"@type":"ListItem","position":1,"name":"Portada","item":"https:\/\/mavi.uc.cl\/en\/"},{"@type":"ListItem","position":2,"name":"Education: Museum + School"}]},{"@type":"WebSite","@id":"https:\/\/mavi.uc.cl\/#website","url":"https:\/\/mavi.uc.cl\/","name":"MAVI UC","description":"Museo de Artes Visuales","potentialAction":[{"@type":"SearchAction","target":{"@type":"EntryPoint","urlTemplate":"https:\/\/mavi.uc.cl\/?s={search_term_string}"},"query-input":{"@type":"PropertyValueSpecification","valueRequired":true,"valueName":"search_term_string"}}],"inLanguage":"en-US"}]}},"_links":{"self":[{"href":"https:\/\/mavi.uc.cl\/en\/wp-json\/wp\/v2\/pages\/2525","targetHints":{"allow":["GET"]}}],"collection":[{"href":"https:\/\/mavi.uc.cl\/en\/wp-json\/wp\/v2\/pages"}],"about":[{"href":"https:\/\/mavi.uc.cl\/en\/wp-json\/wp\/v2\/types\/page"}],"author":[{"embeddable":true,"href":"https:\/\/mavi.uc.cl\/en\/wp-json\/wp\/v2\/users\/1"}],"replies":[{"embeddable":true,"href":"https:\/\/mavi.uc.cl\/en\/wp-json\/wp\/v2\/comments?post=2525"}],"version-history":[{"count":0,"href":"https:\/\/mavi.uc.cl\/en\/wp-json\/wp\/v2\/pages\/2525\/revisions"}],"wp:attachment":[{"href":"https:\/\/mavi.uc.cl\/en\/wp-json\/wp\/v2\/media?parent=2525"}],"curies":[{"name":"wp","href":"https:\/\/api.w.org\/{rel}","templated":true}]}}