{"id":2511,"date":"2022-12-28T21:05:26","date_gmt":"2022-12-29T00:05:26","guid":{"rendered":"https:\/\/skymedia.works\/mavi\/convocatorias-para-artistas\/beca-fundacion-actual-mavi-uc\/"},"modified":"2023-01-30T12:26:51","modified_gmt":"2023-01-30T15:26:51","slug":"beca-fundacion-actual-mavi-uc","status":"publish","type":"page","link":"https:\/\/mavi.uc.cl\/en\/convocatorias-para-artistas\/beca-fundacion-actual-mavi-uc\/","title":{"rendered":"MAVI UC Current Foundation Scholarship"},"content":{"rendered":"\n<p>Esta Beca, que se ha realizado los a\u00f1os 2018, 2020 y 2022, busca fomentar el desarrollo del arte contempor\u00e1neo chileno, impulsando a artistas de mediana carrera que se dedican profesionalmente al arte, para que alcancen consolidaci\u00f3n y reconocimiento en su labor.<\/p>\n\n\n\n<p>La Beca es un reconocimiento tanto a la trayectoria de los y las artistas postulantes, como al proyecto de exposici\u00f3n presentado.<\/p>\n\n\n\n<p>A trav\u00e9s de esta Beca de producci\u00f3n para artistas de mediana carrera realizada en conjunto por Fundaci\u00f3n Actual y MAVI UC, se busca fomentar el desarrollo del arte contempor\u00e1neo chileno, impulsando artistas para que alcancen consolidaci\u00f3n y reconocimiento en su labor, en una etapa de la carrera que muchas veces implica un punto de inflexi\u00f3n.<\/p>\n\n\n\n<p>Producto de una alianza realizada entre Fundaci\u00f3n Actual y MAVI UC en 2018, esta beca se realiza cada dos a\u00f1os y reconoce la trayectoria del artista y un proyecto expositivo espec\u00edfico.<\/p>\n\n\n\n<p>Se presentan artistas visuales chilenos\/as, de entre 40 y 60 a\u00f1os cumplidos al momento de postular, que se encuentran en etapa de producci\u00f3n habiendo expuesto en forma individual o colectiva en los \u00faltimos 5 a\u00f1os. Postularon con un proyecto de exhibici\u00f3n individual in\u00e9dito, con tem\u00e1tica libre, concebido para el Museo de Artes Visuales MAVI UC, considerando las Sala 1 y 2 a tal fin.<\/p>\n\n\n\n<p>El premio consiste en $10.000.000 distribuidos en 18 mensualidades, la posibilidad de presentar una exposici\u00f3n individual en las salas 1 y 2 de MAVI UC durante los meses de julio y agosto del a\u00f1o subsiguiente a la premiaci\u00f3n. Asimismo, se considera un cat\u00e1logo de la muestra por un monto m\u00e1ximo de $8.000.000.<\/p>\n","protected":false},"excerpt":{"rendered":"<p>Esta Beca, que se ha realizado los a\u00f1os 2018, 2020 y 2022, busca fomentar el desarrollo del arte contempor\u00e1neo chileno, impulsando a artistas de mediana carrera que se dedican profesionalmente al arte, para que alcancen consolidaci\u00f3n y reconocimiento en su labor. La Beca es un reconocimiento tanto a la trayectoria de los y las artistas [&hellip;]<\/p>\n","protected":false},"author":1,"featured_media":0,"parent":2509,"menu_order":0,"comment_status":"closed","ping_status":"closed","template":"page-template-beca.php","meta":{"_acf_changed":false,"footnotes":""},"class_list":["post-2511","page","type-page","status-publish","hentry"],"acf":[],"yoast_head":"<!-- This site is optimized with the Yoast SEO plugin v27.0 - https:\/\/yoast.com\/product\/yoast-seo-wordpress\/ -->\n<title>MAVI UC Current Foundation Scholarship - MAVI UC<\/title>\n<meta name=\"robots\" content=\"index, follow, max-snippet:-1, max-image-preview:large, max-video-preview:-1\" \/>\n<link rel=\"canonical\" href=\"https:\/\/mavi.uc.cl\/en\/convocatorias-para-artistas\/beca-fundacion-actual-mavi-uc\/\" \/>\n<meta property=\"og:locale\" content=\"en_US\" \/>\n<meta property=\"og:type\" content=\"article\" \/>\n<meta property=\"og:title\" content=\"MAVI UC Current Foundation Scholarship - MAVI UC\" \/>\n<meta property=\"og:description\" content=\"Esta Beca, que se ha realizado los a\u00f1os 2018, 2020 y 2022, busca fomentar el desarrollo del arte contempor\u00e1neo chileno, impulsando a artistas de mediana carrera que se dedican profesionalmente al arte, para que alcancen consolidaci\u00f3n y reconocimiento en su labor. La Beca es un reconocimiento tanto a la trayectoria de los y las artistas [&hellip;]\" \/>\n<meta property=\"og:url\" content=\"https:\/\/mavi.uc.cl\/en\/convocatorias-para-artistas\/beca-fundacion-actual-mavi-uc\/\" \/>\n<meta property=\"og:site_name\" content=\"MAVI UC\" \/>\n<meta property=\"article:modified_time\" content=\"2023-01-30T15:26:51+00:00\" \/>\n<meta name=\"twitter:card\" content=\"summary_large_image\" \/>\n<meta name=\"twitter:label1\" content=\"Est. reading time\" \/>\n\t<meta name=\"twitter:data1\" content=\"1 minute\" \/>\n<script type=\"application\/ld+json\" class=\"yoast-schema-graph\">{\"@context\":\"https:\/\/schema.org\",\"@graph\":[{\"@type\":\"WebPage\",\"@id\":\"https:\/\/mavi.uc.cl\/en\/convocatorias-para-artistas\/beca-fundacion-actual-mavi-uc\/\",\"url\":\"https:\/\/mavi.uc.cl\/en\/convocatorias-para-artistas\/beca-fundacion-actual-mavi-uc\/\",\"name\":\"MAVI UC Current Foundation Scholarship - MAVI UC\",\"isPartOf\":{\"@id\":\"https:\/\/mavi.uc.cl\/#website\"},\"datePublished\":\"2022-12-29T00:05:26+00:00\",\"dateModified\":\"2023-01-30T15:26:51+00:00\",\"breadcrumb\":{\"@id\":\"https:\/\/mavi.uc.cl\/en\/convocatorias-para-artistas\/beca-fundacion-actual-mavi-uc\/#breadcrumb\"},\"inLanguage\":\"en-US\",\"potentialAction\":[{\"@type\":\"ReadAction\",\"target\":[\"https:\/\/mavi.uc.cl\/en\/convocatorias-para-artistas\/beca-fundacion-actual-mavi-uc\/\"]}]},{\"@type\":\"BreadcrumbList\",\"@id\":\"https:\/\/mavi.uc.cl\/en\/convocatorias-para-artistas\/beca-fundacion-actual-mavi-uc\/#breadcrumb\",\"itemListElement\":[{\"@type\":\"ListItem\",\"position\":1,\"name\":\"Portada\",\"item\":\"https:\/\/mavi.uc.cl\/en\/\"},{\"@type\":\"ListItem\",\"position\":2,\"name\":\"Calls for artists\",\"item\":\"https:\/\/mavi.uc.cl\/en\/convocatorias-para-artistas\/\"},{\"@type\":\"ListItem\",\"position\":3,\"name\":\"MAVI UC Current Foundation Scholarship\"}]},{\"@type\":\"WebSite\",\"@id\":\"https:\/\/mavi.uc.cl\/#website\",\"url\":\"https:\/\/mavi.uc.cl\/\",\"name\":\"MAVI UC\",\"description\":\"Museo de Artes Visuales\",\"potentialAction\":[{\"@type\":\"SearchAction\",\"target\":{\"@type\":\"EntryPoint\",\"urlTemplate\":\"https:\/\/mavi.uc.cl\/?s={search_term_string}\"},\"query-input\":{\"@type\":\"PropertyValueSpecification\",\"valueRequired\":true,\"valueName\":\"search_term_string\"}}],\"inLanguage\":\"en-US\"}]}<\/script>\n<!-- \/ Yoast SEO plugin. -->","yoast_head_json":{"title":"MAVI UC Current Foundation Scholarship - MAVI UC","robots":{"index":"index","follow":"follow","max-snippet":"max-snippet:-1","max-image-preview":"max-image-preview:large","max-video-preview":"max-video-preview:-1"},"canonical":"https:\/\/mavi.uc.cl\/en\/convocatorias-para-artistas\/beca-fundacion-actual-mavi-uc\/","og_locale":"en_US","og_type":"article","og_title":"MAVI UC Current Foundation Scholarship - MAVI UC","og_description":"Esta Beca, que se ha realizado los a\u00f1os 2018, 2020 y 2022, busca fomentar el desarrollo del arte contempor\u00e1neo chileno, impulsando a artistas de mediana carrera que se dedican profesionalmente al arte, para que alcancen consolidaci\u00f3n y reconocimiento en su labor. La Beca es un reconocimiento tanto a la trayectoria de los y las artistas [&hellip;]","og_url":"https:\/\/mavi.uc.cl\/en\/convocatorias-para-artistas\/beca-fundacion-actual-mavi-uc\/","og_site_name":"MAVI UC","article_modified_time":"2023-01-30T15:26:51+00:00","twitter_card":"summary_large_image","twitter_misc":{"Est. reading time":"1 minute"},"schema":{"@context":"https:\/\/schema.org","@graph":[{"@type":"WebPage","@id":"https:\/\/mavi.uc.cl\/en\/convocatorias-para-artistas\/beca-fundacion-actual-mavi-uc\/","url":"https:\/\/mavi.uc.cl\/en\/convocatorias-para-artistas\/beca-fundacion-actual-mavi-uc\/","name":"MAVI UC Current Foundation Scholarship - MAVI UC","isPartOf":{"@id":"https:\/\/mavi.uc.cl\/#website"},"datePublished":"2022-12-29T00:05:26+00:00","dateModified":"2023-01-30T15:26:51+00:00","breadcrumb":{"@id":"https:\/\/mavi.uc.cl\/en\/convocatorias-para-artistas\/beca-fundacion-actual-mavi-uc\/#breadcrumb"},"inLanguage":"en-US","potentialAction":[{"@type":"ReadAction","target":["https:\/\/mavi.uc.cl\/en\/convocatorias-para-artistas\/beca-fundacion-actual-mavi-uc\/"]}]},{"@type":"BreadcrumbList","@id":"https:\/\/mavi.uc.cl\/en\/convocatorias-para-artistas\/beca-fundacion-actual-mavi-uc\/#breadcrumb","itemListElement":[{"@type":"ListItem","position":1,"name":"Portada","item":"https:\/\/mavi.uc.cl\/en\/"},{"@type":"ListItem","position":2,"name":"Calls for artists","item":"https:\/\/mavi.uc.cl\/en\/convocatorias-para-artistas\/"},{"@type":"ListItem","position":3,"name":"MAVI UC Current Foundation Scholarship"}]},{"@type":"WebSite","@id":"https:\/\/mavi.uc.cl\/#website","url":"https:\/\/mavi.uc.cl\/","name":"MAVI UC","description":"Museo de Artes Visuales","potentialAction":[{"@type":"SearchAction","target":{"@type":"EntryPoint","urlTemplate":"https:\/\/mavi.uc.cl\/?s={search_term_string}"},"query-input":{"@type":"PropertyValueSpecification","valueRequired":true,"valueName":"search_term_string"}}],"inLanguage":"en-US"}]}},"_links":{"self":[{"href":"https:\/\/mavi.uc.cl\/en\/wp-json\/wp\/v2\/pages\/2511","targetHints":{"allow":["GET"]}}],"collection":[{"href":"https:\/\/mavi.uc.cl\/en\/wp-json\/wp\/v2\/pages"}],"about":[{"href":"https:\/\/mavi.uc.cl\/en\/wp-json\/wp\/v2\/types\/page"}],"author":[{"embeddable":true,"href":"https:\/\/mavi.uc.cl\/en\/wp-json\/wp\/v2\/users\/1"}],"replies":[{"embeddable":true,"href":"https:\/\/mavi.uc.cl\/en\/wp-json\/wp\/v2\/comments?post=2511"}],"version-history":[{"count":0,"href":"https:\/\/mavi.uc.cl\/en\/wp-json\/wp\/v2\/pages\/2511\/revisions"}],"up":[{"embeddable":true,"href":"https:\/\/mavi.uc.cl\/en\/wp-json\/wp\/v2\/pages\/2509"}],"wp:attachment":[{"href":"https:\/\/mavi.uc.cl\/en\/wp-json\/wp\/v2\/media?parent=2511"}],"curies":[{"name":"wp","href":"https:\/\/api.w.org\/{rel}","templated":true}]}}